{"id":5,"date":"2018-11-27T09:17:08","date_gmt":"2018-11-27T09:17:08","guid":{"rendered":"https:\/\/spstechconsultancy.com\/about\/"},"modified":"2020-12-27T04:37:44","modified_gmt":"2020-12-27T04:37:44","slug":"about","status":"publish","type":"page","link":"https:\/\/spstechconsultancy.com\/fr\/about\/","title":{"rendered":"\u00c0 propos"},"content":{"rendered":"<div data-elementor-type=\"wp-post\" data-elementor-id=\"5\" class=\"elementor elementor-5\" data-elementor-settings=\"[]\">\n\t\t\t\t\t\t<div class=\"elementor-inner\">\n\t\t\t\t\t\t\t<div class=\"elementor-section-wrap\">\n\t\t\t\t\t\t\t<section class=\"elementor-section elementor-top-section elementor-element elementor-element-d7d8b56 elementor-section-boxed elementor-section-height-default elementor-section-height-default\" data-id=\"d7d8b56\" data-element_type=\"section\" data-settings=\"{&quot;background_background&quot;:&quot;classic&quot;}\">\n\t\t\t\t\t\t\t<div class=\"elementor-background-overlay\"><\/div>\n\t\t\t\t\t\t\t<div class=\"elementor-container elementor-column-gap-default\">\n\t\t\t\t\t\t\t<div class=\"elementor-row\">\n\t\t\t\t\t<div class=\"elementor-column elementor-col-33 elementor-top-column elementor-element elementor-element-b3d335b\" data-id=\"b3d335b\" data-element_type=\"column\">\n\t\t\t<div class=\"elementor-column-wrap\">\n\t\t\t\t\t\t\t<div class=\"elementor-widget-wrap\">\n\t\t\t\t\t\t\t\t<\/div>\n\t\t\t\t\t<\/div>\n\t\t<\/div>\n\t\t\t\t<div class=\"elementor-column elementor-col-33 elementor-top-column elementor-element elementor-element-fd69444\" data-id=\"fd69444\" data-element_type=\"column\">\n\t\t\t<div class=\"elementor-column-wrap elementor-element-populated\">\n\t\t\t\t\t\t\t<div class=\"elementor-widget-wrap\">\n\t\t\t\t\t\t<div class=\"elementor-element elementor-element-abcc2f2 elementor-widget elementor-widget-heading\" data-id=\"abcc2f2\" data-element_type=\"widget\" data-widget_type=\"heading.default\">\n\t\t\t\t<div class=\"elementor-widget-container\">\n\t\t\t<h1 class=\"elementor-heading-title elementor-size-default\">Qui sommes-nous?<\/h1>\t\t<\/div>\n\t\t\t\t<\/div>\n\t\t\t\t\t\t<\/div>\n\t\t\t\t\t<\/div>\n\t\t<\/div>\n\t\t\t\t<div class=\"elementor-column elementor-col-33 elementor-top-column elementor-element elementor-element-674669b\" data-id=\"674669b\" data-element_type=\"column\">\n\t\t\t<div class=\"elementor-column-wrap\">\n\t\t\t\t\t\t\t<div class=\"elementor-widget-wrap\">\n\t\t\t\t\t\t\t\t<\/div>\n\t\t\t\t\t<\/div>\n\t\t<\/div>\n\t\t\t\t\t\t\t\t<\/div>\n\t\t\t\t\t<\/div>\n\t\t<\/section>\n\t\t\t\t<section class=\"elementor-section elementor-top-section elementor-element elementor-element-5c40d7b elementor-section-boxed elementor-section-height-default elementor-section-height-default\" data-id=\"5c40d7b\" data-element_type=\"section\" data-settings=\"{&quot;background_background&quot;:&quot;classic&quot;}\">\n\t\t\t\t\t\t<div class=\"elementor-container elementor-column-gap-default\">\n\t\t\t\t\t\t\t<div class=\"elementor-row\">\n\t\t\t\t\t<div class=\"elementor-column elementor-col-50 elementor-top-column elementor-element elementor-element-2ebbf9c\" data-id=\"2ebbf9c\" data-element_type=\"column\">\n\t\t\t<div class=\"elementor-column-wrap elementor-element-populated\">\n\t\t\t\t\t\t\t<div class=\"elementor-widget-wrap\">\n\t\t\t\t\t\t<div class=\"elementor-element elementor-element-fe195c7 elementor-widget elementor-widget-heading\" data-id=\"fe195c7\" data-element_type=\"widget\" data-widget_type=\"heading.default\">\n\t\t\t\t<div class=\"elementor-widget-container\">\n\t\t\t<h2 class=\"elementor-heading-title elementor-size-default\">Notre Mission<\/h2>\t\t<\/div>\n\t\t\t\t<\/div>\n\t\t\t\t<div class=\"elementor-element elementor-element-dc051dd elementor-widget-divider--view-line elementor-widget elementor-widget-divider\" data-id=\"dc051dd\" data-element_type=\"widget\" data-widget_type=\"divider.default\">\n\t\t\t\t<div class=\"elementor-widget-container\">\n\t\t\t\t\t<div class=\"elementor-divider\">\n\t\t\t<span class=\"elementor-divider-separator\">\n\t\t\t\t\t\t<\/span>\n\t\t<\/div>\n\t\t\t\t<\/div>\n\t\t\t\t<\/div>\n\t\t\t\t<div class=\"elementor-element elementor-element-e5f497e elementor-widget elementor-widget-text-editor\" data-id=\"e5f497e\" data-element_type=\"widget\" data-widget_type=\"text-editor.default\">\n\t\t\t\t<div class=\"elementor-widget-container\">\n\t\t\t\t\t<div class=\"elementor-text-editor elementor-clearfix\">Nous aidons nos clients \u00e0 atteindre les objectifs de leurs projets le plus rapidement possible en leur fournissant des services de conseil et de logiciels tels que la programmation, le d\u00e9ploiement et la configuration, et les services de sauvegarde s\u00e9curis\u00e9e.\n<br><br>Notre exp\u00e9rience unique peut vous aider \u00e0 trouver la solution dont vous avez besoin.\u00a0 De simples services web aux solutions personnalis\u00e9es qui n\u00e9cessitent de l'innovation et une r\u00e9flexion hors des sentiers battus, nous pouvons vous fournir les outils, les services et les solutions qui r\u00e9pondent \u00e0 vos besoins.<\/div>\n\t\t\t\t<\/div>\n\t\t\t\t<\/div>\n\t\t\t\t\t\t<\/div>\n\t\t\t\t\t<\/div>\n\t\t<\/div>\n\t\t\t\t<div class=\"elementor-column elementor-col-50 elementor-top-column elementor-element elementor-element-e5fdae0\" data-id=\"e5fdae0\" data-element_type=\"column\">\n\t\t\t<div class=\"elementor-column-wrap elementor-element-populated\">\n\t\t\t\t\t\t\t<div class=\"elementor-widget-wrap\">\n\t\t\t\t\t\t<div class=\"elementor-element elementor-element-96b5b53 elementor-widget elementor-widget-image\" data-id=\"96b5b53\" data-element_type=\"widget\" data-widget_type=\"image.default\">\n\t\t\t\t<div class=\"elementor-widget-container\">\n\t\t\t\t\t<div class=\"elementor-image\">\n\t\t\t\t\t\t\t\t\t\t<img width=\"989\" height=\"1280\" src=\"https:\/\/spstechconsultancy.com\/wp-content\/uploads\/2020\/05\/ego-judgment-polarities-1010015.jpg\" class=\"attachment-full size-full\" alt=\"ego, judgment, polarities\" loading=\"lazy\" srcset=\"https:\/\/spstechconsultancy.com\/wp-content\/uploads\/2020\/05\/ego-judgment-polarities-1010015.jpg 989w, https:\/\/spstechconsultancy.com\/wp-content\/uploads\/2020\/05\/ego-judgment-polarities-1010015-232x300.jpg 232w, https:\/\/spstechconsultancy.com\/wp-content\/uploads\/2020\/05\/ego-judgment-polarities-1010015-791x1024.jpg 791w, https:\/\/spstechconsultancy.com\/wp-content\/uploads\/2020\/05\/ego-judgment-polarities-1010015-768x994.jpg 768w\" sizes=\"(max-width: 989px) 100vw, 989px\" \/>\t\t\t\t\t\t\t\t\t\t\t<\/div>\n\t\t\t\t<\/div>\n\t\t\t\t<\/div>\n\t\t\t\t\t\t<\/div>\n\t\t\t\t\t<\/div>\n\t\t<\/div>\n\t\t\t\t\t\t\t\t<\/div>\n\t\t\t\t\t<\/div>\n\t\t<\/section>\n\t\t\t\t<section class=\"elementor-section elementor-top-section elementor-element elementor-element-15e0aa1 elementor-section-boxed elementor-section-height-default elementor-section-height-default\" data-id=\"15e0aa1\" data-element_type=\"section\" data-settings=\"{&quot;background_background&quot;:&quot;classic&quot;}\">\n\t\t\t\t\t\t<div class=\"elementor-container elementor-column-gap-default\">\n\t\t\t\t\t\t\t<div class=\"elementor-row\">\n\t\t\t\t\t<div class=\"elementor-column elementor-col-50 elementor-top-column elementor-element elementor-element-3648a13\" data-id=\"3648a13\" data-element_type=\"column\">\n\t\t\t<div class=\"elementor-column-wrap elementor-element-populated\">\n\t\t\t\t\t\t\t<div class=\"elementor-widget-wrap\">\n\t\t\t\t\t\t<div class=\"elementor-element elementor-element-9956451 elementor-widget elementor-widget-image\" data-id=\"9956451\" data-element_type=\"widget\" data-widget_type=\"image.default\">\n\t\t\t\t<div class=\"elementor-widget-container\">\n\t\t\t\t\t<div class=\"elementor-image\">\n\t\t\t\t\t\t\t\t\t\t<img width=\"1280\" height=\"1280\" src=\"https:\/\/spstechconsultancy.com\/wp-content\/uploads\/2020\/12\/refugees-economic-migrants-financial-equalization-1020119.jpg\" class=\"attachment-full size-full\" alt=\"refugees, economic migrants, financial equalization\" loading=\"lazy\" srcset=\"https:\/\/spstechconsultancy.com\/wp-content\/uploads\/2020\/12\/refugees-economic-migrants-financial-equalization-1020119.jpg 1280w, https:\/\/spstechconsultancy.com\/wp-content\/uploads\/2020\/12\/refugees-economic-migrants-financial-equalization-1020119-300x300.jpg 300w, https:\/\/spstechconsultancy.com\/wp-content\/uploads\/2020\/12\/refugees-economic-migrants-financial-equalization-1020119-1024x1024.jpg 1024w, https:\/\/spstechconsultancy.com\/wp-content\/uploads\/2020\/12\/refugees-economic-migrants-financial-equalization-1020119-150x150.jpg 150w, https:\/\/spstechconsultancy.com\/wp-content\/uploads\/2020\/12\/refugees-economic-migrants-financial-equalization-1020119-768x768.jpg 768w\" sizes=\"(max-width: 1280px) 100vw, 1280px\" \/>\t\t\t\t\t\t\t\t\t\t\t<\/div>\n\t\t\t\t<\/div>\n\t\t\t\t<\/div>\n\t\t\t\t\t\t<\/div>\n\t\t\t\t\t<\/div>\n\t\t<\/div>\n\t\t\t\t<div class=\"elementor-column elementor-col-50 elementor-top-column elementor-element elementor-element-42667e3\" data-id=\"42667e3\" data-element_type=\"column\">\n\t\t\t<div class=\"elementor-column-wrap elementor-element-populated\">\n\t\t\t\t\t\t\t<div class=\"elementor-widget-wrap\">\n\t\t\t\t\t\t<div class=\"elementor-element elementor-element-4722162 elementor-widget elementor-widget-heading\" data-id=\"4722162\" data-element_type=\"widget\" data-widget_type=\"heading.default\">\n\t\t\t\t<div class=\"elementor-widget-container\">\n\t\t\t<h2 class=\"elementor-heading-title elementor-size-default\">Nos valeurs fondamentales<\/h2>\t\t<\/div>\n\t\t\t\t<\/div>\n\t\t\t\t<div class=\"elementor-element elementor-element-8bce871 elementor-widget-divider--view-line elementor-widget elementor-widget-divider\" data-id=\"8bce871\" data-element_type=\"widget\" data-widget_type=\"divider.default\">\n\t\t\t\t<div class=\"elementor-widget-container\">\n\t\t\t\t\t<div class=\"elementor-divider\">\n\t\t\t<span class=\"elementor-divider-separator\">\n\t\t\t\t\t\t<\/span>\n\t\t<\/div>\n\t\t\t\t<\/div>\n\t\t\t\t<\/div>\n\t\t\t\t<div class=\"elementor-element elementor-element-25a4b9d elementor-widget elementor-widget-text-editor\" data-id=\"25a4b9d\" data-element_type=\"widget\" data-widget_type=\"text-editor.default\">\n\t\t\t\t<div class=\"elementor-widget-container\">\n\t\t\t\t\t<div class=\"elementor-text-editor elementor-clearfix\">La philosophie de notre \u00e9quipe est orient\u00e9e vers nos clients et fournisseurs afin d'entretenir des relations privil\u00e9gi\u00e9es dans un cadre de partenariat et de confiance.\n<br><br>\nLes membres de l'\u00e9quipe de direction adh\u00e8rent \u00e0 une \u00e9thique bas\u00e9e sur l'honn\u00eatet\u00e9, l'objectivit\u00e9, la loyaut\u00e9, l'enthousiasme et l'int\u00e9r\u00eat de chacun de nos clients.\u00a0\n<br><br>\nTous les membres du personnel adh\u00e8rent \u00e0 notre code d'\u00e9thique et chacun est soutenu par notre programme de formation et de maintien des connaissances.<\/div>\n\t\t\t\t<\/div>\n\t\t\t\t<\/div>\n\t\t\t\t\t\t<\/div>\n\t\t\t\t\t<\/div>\n\t\t<\/div>\n\t\t\t\t\t\t\t\t<\/div>\n\t\t\t\t\t<\/div>\n\t\t<\/section>\n\t\t\t\t<section class=\"elementor-section elementor-top-section elementor-element elementor-element-6f7c876 elementor-section-boxed elementor-section-height-default elementor-section-height-default\" data-id=\"6f7c876\" data-element_type=\"section\" data-settings=\"{&quot;background_background&quot;:&quot;classic&quot;}\">\n\t\t\t\t\t\t<div class=\"elementor-container elementor-column-gap-default\">\n\t\t\t\t\t\t\t<div class=\"elementor-row\">\n\t\t\t\t\t<div class=\"elementor-column elementor-col-50 elementor-top-column elementor-element elementor-element-bf06783\" data-id=\"bf06783\" data-element_type=\"column\">\n\t\t\t<div class=\"elementor-column-wrap elementor-element-populated\">\n\t\t\t\t\t\t\t<div class=\"elementor-widget-wrap\">\n\t\t\t\t\t\t<div class=\"elementor-element elementor-element-26598fe elementor-widget elementor-widget-heading\" data-id=\"26598fe\" data-element_type=\"widget\" data-widget_type=\"heading.default\">\n\t\t\t\t<div class=\"elementor-widget-container\">\n\t\t\t<h2 class=\"elementor-heading-title elementor-size-default\">Exp\u00e9riences extraordinaires<\/h2>\t\t<\/div>\n\t\t\t\t<\/div>\n\t\t\t\t<div class=\"elementor-element elementor-element-2b15316 elementor-widget-divider--view-line elementor-widget elementor-widget-divider\" data-id=\"2b15316\" data-element_type=\"widget\" data-widget_type=\"divider.default\">\n\t\t\t\t<div class=\"elementor-widget-container\">\n\t\t\t\t\t<div class=\"elementor-divider\">\n\t\t\t<span class=\"elementor-divider-separator\">\n\t\t\t\t\t\t<\/span>\n\t\t<\/div>\n\t\t\t\t<\/div>\n\t\t\t\t<\/div>\n\t\t\t\t<div class=\"elementor-element elementor-element-dc4a85a elementor-widget elementor-widget-text-editor\" data-id=\"dc4a85a\" data-element_type=\"widget\" data-widget_type=\"text-editor.default\">\n\t\t\t\t<div class=\"elementor-widget-container\">\n\t\t\t\t\t<div class=\"elementor-text-editor elementor-clearfix\">Nous nous appuyons sur des valeurs fortes pour assurer une croissance constante \u00e0 nos clients.\u00a0\n<br><br>Faites le choix de l'int\u00e9grit\u00e9 avec notre \u00e9quipe d'experts certifi\u00e9s qui se tient au courant des perc\u00e9es du march\u00e9 et de la concurrence.\u00a0\n<br><br>Nous nous engageons \u00e0 vous fournir un service de qualit\u00e9, de l'id\u00e9e initiale \u00e0 l'installation et enfin \u00e0 son utilisation quotidienne, en passant par le d\u00e9veloppement.<\/div>\n\t\t\t\t<\/div>\n\t\t\t\t<\/div>\n\t\t\t\t\t\t<\/div>\n\t\t\t\t\t<\/div>\n\t\t<\/div>\n\t\t\t\t<div class=\"elementor-column elementor-col-50 elementor-top-column elementor-element elementor-element-0625ffe\" data-id=\"0625ffe\" data-element_type=\"column\">\n\t\t\t<div class=\"elementor-column-wrap elementor-element-populated\">\n\t\t\t\t\t\t\t<div class=\"elementor-widget-wrap\">\n\t\t\t\t\t\t<div class=\"elementor-element elementor-element-dd09f80 elementor-widget elementor-widget-image\" data-id=\"dd09f80\" data-element_type=\"widget\" data-widget_type=\"image.default\">\n\t\t\t\t<div class=\"elementor-widget-container\">\n\t\t\t\t\t<div class=\"elementor-image\">\n\t\t\t\t\t\t\t\t\t\t<img width=\"1280\" height=\"919\" src=\"https:\/\/spstechconsultancy.com\/wp-content\/uploads\/2020\/12\/skills-can-startup-3367965.jpg\" class=\"attachment-full size-full\" alt=\"skills, can, startup\" loading=\"lazy\" srcset=\"https:\/\/spstechconsultancy.com\/wp-content\/uploads\/2020\/12\/skills-can-startup-3367965.jpg 1280w, https:\/\/spstechconsultancy.com\/wp-content\/uploads\/2020\/12\/skills-can-startup-3367965-300x215.jpg 300w, https:\/\/spstechconsultancy.com\/wp-content\/uploads\/2020\/12\/skills-can-startup-3367965-1024x735.jpg 1024w, https:\/\/spstechconsultancy.com\/wp-content\/uploads\/2020\/12\/skills-can-startup-3367965-768x551.jpg 768w\" sizes=\"(max-width: 1280px) 100vw, 1280px\" \/>\t\t\t\t\t\t\t\t\t\t\t<\/div>\n\t\t\t\t<\/div>\n\t\t\t\t<\/div>\n\t\t\t\t\t\t<\/div>\n\t\t\t\t\t<\/div>\n\t\t<\/div>\n\t\t\t\t\t\t\t\t<\/div>\n\t\t\t\t\t<\/div>\n\t\t<\/section>\n\t\t\t\t\t\t<\/div>\n\t\t\t\t\t\t<\/div>\n\t\t\t\t\t<\/div>","protected":false},"excerpt":{"rendered":"<p>Who We Are? Our MissioN We help our customers achieve their project goals as quickly as possible by providing consulting and software services such as programming, deployment and configuration, cloud hosting and secure backup services. Our unique experience can help you find the solution you need.\u00a0 From simple web services to custom solutions that require &hellip;<\/p>\n<p class=\"read-more\"> <a class=\"\" href=\"https:\/\/spstechconsultancy.com\/fr\/about\/\"> <span class=\"screen-reader-text\">\u00c0 propos<\/span> Lire la suite\u00a0\u00bb<\/a><\/p>","protected":false},"author":1,"featured_media":0,"parent":0,"menu_order":0,"comment_status":"closed","ping_status":"closed","template":"","meta":{"spay_email":""},"yoast_head":"<!-- This site is optimized with the Yoast SEO plugin v15.7 - https:\/\/yoast.com\/wordpress\/plugins\/seo\/ -->\n<title>About - SPS Tech Consultancy<\/title>\n<meta name=\"robots\" content=\"index, follow, max-snippet:-1, max-image-preview:large, max-video-preview:-1\" \/>\n<link rel=\"canonical\" href=\"https:\/\/spstechconsultancy.com\/fr\/about\/\" \/>\n<meta property=\"og:locale\" content=\"fr_CA\" \/>\n<meta property=\"og:type\" content=\"article\" \/>\n<meta property=\"og:title\" content=\"About - SPS Tech Consultancy\" \/>\n<meta property=\"og:description\" content=\"Who We Are? Our MissioN We help our customers achieve their project goals as quickly as possible by providing consulting and software services such as programming, deployment and configuration, cloud hosting and secure backup services. Our unique experience can help you find the solution you need.\u00a0 From simple web services to custom solutions that require &hellip; About Lire la suite\u00a0\u00bb\" \/>\n<meta property=\"og:url\" content=\"https:\/\/spstechconsultancy.com\/fr\/about\/\" \/>\n<meta property=\"og:site_name\" content=\"SPS Tech Consultancy\" \/>\n<meta property=\"article:publisher\" content=\"https:\/\/www.facebook.com\/pages\/category\/Information-Technology-Company\/SPS-Tech-Consultancy-102066398190605\/\" \/>\n<meta property=\"article:modified_time\" content=\"2020-12-27T04:37:44+00:00\" \/>\n<meta property=\"og:image\" content=\"https:\/\/spstechconsultancy.com\/wp-content\/uploads\/2020\/05\/ego-judgment-polarities-1010015.jpg\" \/>\n<meta name=\"twitter:card\" content=\"summary_large_image\" \/>\n<meta name=\"twitter:label1\" content=\"Est. reading time\">\n\t<meta name=\"twitter:data1\" content=\"1 minute\">\n<script type=\"application\/ld+json\" class=\"yoast-schema-graph\">{\"@context\":\"https:\/\/schema.org\",\"@graph\":[{\"@type\":\"WebSite\",\"@id\":\"https:\/\/spstechconsultancy.com\/#website\",\"url\":\"https:\/\/spstechconsultancy.com\/\",\"name\":\"SPS Tech Consultancy\",\"description\":\"LEADING INNOVATION, STRIVING EXCELLENCE\",\"potentialAction\":[{\"@type\":\"SearchAction\",\"target\":\"https:\/\/spstechconsultancy.com\/?s={search_term_string}\",\"query-input\":\"required name=search_term_string\"}],\"inLanguage\":\"fr-CA\"},{\"@type\":\"ImageObject\",\"@id\":\"https:\/\/spstechconsultancy.com\/about\/#primaryimage\",\"inLanguage\":\"fr-CA\",\"url\":\"https:\/\/spstechconsultancy.com\/wp-content\/uploads\/2020\/05\/ego-judgment-polarities-1010015.jpg\",\"width\":989,\"height\":1280,\"caption\":\"ego, judgment, polarities\"},{\"@type\":\"WebPage\",\"@id\":\"https:\/\/spstechconsultancy.com\/about\/#webpage\",\"url\":\"https:\/\/spstechconsultancy.com\/about\/\",\"name\":\"About - SPS Tech Consultancy\",\"isPartOf\":{\"@id\":\"https:\/\/spstechconsultancy.com\/#website\"},\"primaryImageOfPage\":{\"@id\":\"https:\/\/spstechconsultancy.com\/about\/#primaryimage\"},\"datePublished\":\"2018-11-27T09:17:08+00:00\",\"dateModified\":\"2020-12-27T04:37:44+00:00\",\"inLanguage\":\"fr-CA\",\"potentialAction\":[{\"@type\":\"ReadAction\",\"target\":[\"https:\/\/spstechconsultancy.com\/about\/\"]}]}]}<\/script>\n<!-- \/ Yoast SEO plugin. -->","_links":{"self":[{"href":"https:\/\/spstechconsultancy.com\/fr\/wp-json\/wp\/v2\/pages\/5"}],"collection":[{"href":"https:\/\/spstechconsultancy.com\/fr\/wp-json\/wp\/v2\/pages"}],"about":[{"href":"https:\/\/spstechconsultancy.com\/fr\/wp-json\/wp\/v2\/types\/page"}],"author":[{"embeddable":true,"href":"https:\/\/spstechconsultancy.com\/fr\/wp-json\/wp\/v2\/users\/1"}],"replies":[{"embeddable":true,"href":"https:\/\/spstechconsultancy.com\/fr\/wp-json\/wp\/v2\/comments?post=5"}],"version-history":[{"count":86,"href":"https:\/\/spstechconsultancy.com\/fr\/wp-json\/wp\/v2\/pages\/5\/revisions"}],"predecessor-version":[{"id":1715,"href":"https:\/\/spstechconsultancy.com\/fr\/wp-json\/wp\/v2\/pages\/5\/revisions\/1715"}],"wp:attachment":[{"href":"https:\/\/spstechconsultancy.com\/fr\/wp-json\/wp\/v2\/media?parent=5"}],"curies":[{"name":"wp","href":"https:\/\/api.w.org\/{rel}","templated":true}]}}